{"id":2952,"date":"2015-09-25T09:59:57","date_gmt":"2015-09-25T06:59:57","guid":{"rendered":"http:\/\/theseuslab.com\/ru\/?page_id=2952"},"modified":"2019-12-05T16:05:41","modified_gmt":"2019-12-05T13:05:41","slug":"2952-2","status":"publish","type":"page","link":"https:\/\/theseuslab.com\/en\/","title":{"rendered":"Index"},"content":{"rendered":"<div id=\"home\">\n<section class=\"head row wow fadeInUp\">\n<div class=\"col-lg-1\"><\/div>\n<div class=\"col-lg-10\">\n<div><\/div>\n<div><span>Theseus <span>Lab<\/span><sup>\u00ae<\/sup><\/span><\/div>\n<\/p><\/div>\n<div class=\"col-lg-1\"><\/div>\n<\/section>\n<section class=\"introducing row wow fadeInUp\">\n<div class=\"col-lg-1\"><\/div>\n<div class=\"col-lg-10\">\nThe Theseus Lab group of companies was founded in 2000 and initially has been engaged in distribution of complex and non-standard metrological, control and measuring equipment.<\/br><br \/>\nOver the last years Theseus Lab from a small company with a few employees emerged as a group of companies represented not only in the Czech Republic but also in Germany, USA, Russia, Belarus and Singapore. The process of establishing a fully functional representative office in Kazakhstan is underway. First steps have been taken to introduce interests of the group of companies in Uzbekistan and Ukraine. There are intentions to entry into the Africa and China market. More than 140 specialists are occupied in the group of companies by now. At the same time new workplaces are being constantly created.<\/p><\/div>\n<div class=\"col-lg-1\"><\/div>\n<\/section>\n<section class=\"stats row\">\n<div class=\"col-lg-1\"><\/div>\n<div class=\"col-lg-2 col-md-2 col-sm-4\">\n<div class=\"shape wow fadeInLeft\"><span class=\"count\">17<\/span><br \/>\n        <span class=\"arctext\">years<\/span><span class=\"arctext\">on the market<\/span>\n    <\/div>\n<\/div>\n<div class=\"col-lg-2 col-md-2 col-sm-4\">\n<div class=\"shape wow fadeInLeft\"><span class=\"count\">24<\/span><br \/>\n        <span class=\"arctext\">trade marks<\/span>\n    <\/div>\n<\/div>\n<div class=\"col-lg-2 col-md-2 col-sm-4\">\n<div class=\"shape wow fadeInUp\"><span class=\"count\">1532<\/span><br \/>\n        <span class=\"arctext\">brands<\/span>\n    <\/div>\n<\/div>\n<div class=\"col-lg-2 col-md-2 col-sm-4\">\n<div class=\"shape wow fadeInRight\"><span class=\"count\">140<\/span><br \/>\n        <span class=\"arctext\">employees<\/span>\n    <\/div>\n<\/div>\n<div class=\"col-lg-2 col-md-2 col-sm-4\">\n<div class=\"shape wow fadeInRight\"><span class=\"count\">2527<\/span><br \/>\n        <span class=\"arctext\">clients<\/span>\n    <\/div>\n<\/div>\n<div class=\"col-lg-1\"><\/div>\n<\/section>\n<section class=\"introducing2 row wow fadeInUp\">\n<div class=\"col-lg-1\"><\/div>\n<div class=\"col-lg-10\">\nCurrently main enterprises of the group are not only involved in direct sales of ready-made equipment but also in engineering and development of in-house solutions. It is expected the share of these applications to aggregate more than 50% of profits by the beginning of 2020.\n <\/div>\n<div class=\"col-lg-1\"><\/div>\n<\/section>\n<section class=\"grow row wow fadeInUp\">\n<div class=\"title row\">\n<div class=\"col-lg-1\"><\/div>\n<div class=\"col-lg-10\">\n<h2>How we grow<\/h2>\n<\/p><\/div>\n<div class=\"col-lg-1\"><\/div>\n<\/div>\n<div class=\"row\">\n<img decoding=\"async\" src=\"\/wp-content\/themes\/slightbusiness\/themewar\/Assets\/images\/grow-bg.png\">\n<\/div>\n<\/section>\n<section class=\"like row  wow fadeInUp\">\n<div class=\"col-lg-1\"><\/div>\n<div class=\"img col-xs-3\">\n<img decoding=\"async\" src=\"\/wp-content\/themes\/slightbusiness\/themewar\/Assets\/images\/telecommunication\/like.png\" alt=\"\">\n<\/div>\n<div class=\"text col-xs-8\">\nComprehensive approach to products designed for professionals.\n<\/div>\n<div class=\"col-lg-1\"><\/div>\n<\/section>\n<section class=\"offers row  wow fadeInUp\">\n<div class=\"row\">\n<div class=\"col-lg-1\"><\/div>\n<div class=\"col-lg-5\"><a href=\"\/en\/offers\/investors-en\/\">Offer for<br \/>investors<\/a><\/div>\n<div class=\"col-lg-4\"><a href=\"\/en\/offers\/regional-en\/\" class=\"right\">Offer for regional <br \/>representatives<\/a><\/div>\n<div class=\"col-lg-1\"><\/div>\n<\/div>\n<div class=\"row\">\n<div class=\"col-lg-1\"><\/div>\n<div class=\"col-lg-5\"><a href=\"\/en\/offers\/manufacturer-en\/\">Offer for<br \/>manufacturers<\/a><\/div>\n<div class=\"col-lg-4\"><a href=\"\/en\/offers\/consumer-en\/\" class=\"right\">Offers for<br \/>consumers<\/a><\/div>\n<div class=\"col-lg-1\"><\/div>\n<\/div>\n<\/section>\n<\/div>\n<p><!-- ================= Latest Post Section ================== -->\r\n        <section class=\"latest-post\">\r\n            <div class=\"col-lg-1\"><\/div>\r\n            <div class=\"col-lg-10\"><div class=\"row\">\r\n                    <div class=\"col-sm-12 wow fadeInUp\"   data-wow-duration=\"700ms\" data-wow-delay=\"300ms\">\r\n                        <h2 class=\"common-title\">News<span><\/span><\/h2><\/div>\r\n                <\/div><div class=\"row\"><div class=\"post-content col-lg-12 col-sm-12 col-md-12 col-xs-12 wow fadeInUp\"   data-wow-duration=\"700ms\" data-wow-delay=\"300ms\">\r\n                                <h4><a href=\"https:\/\/theseuslab.com\/en\/news\/bsu-belarusian-state-university-has-completed-a-training-program-for-laboratory-specialists\/\">BSU (Belarusian State University) has completed a training program for laboratory specialists<\/a><\/h4>\r\n                                                    <div class=\"post-thumb col-lg-6 col-sm-6 col-md-12 col-xs-12\"><img loading=\"lazy\" decoding=\"async\" width=\"570\" height=\"315\" src=\"https:\/\/theseuslab.com\/wp-content\/uploads\/2020\/03\/bsu-news-01-anons.jpg\" class=\"attachment-latest-post size-latest-post wp-post-image\" alt=\"\" srcset=\"https:\/\/theseuslab.com\/wp-content\/uploads\/2020\/03\/bsu-news-01-anons.jpg 570w, https:\/\/theseuslab.com\/wp-content\/uploads\/2020\/03\/bsu-news-01-anons-300x166.jpg 300w\" sizes=\"auto, (max-width: 570px) 100vw, 570px\" \/><\/div>\r\n                                                    <div class=\"post-text col-lg-6 col-sm-6 col-md-6 col-xs-12\">\r\n                                                        <p>\r\n                                                            The event was sponsored by Theseus Lab s.r.o.\r\n                                                        <\/p><div class=\"clearfix\"><\/div>\r\n                                                    <\/div>\r\n                                                <\/div><div class=\"col-lg-12  col-md-12 col-sm-12 col-xs-12 padding-merge wow fadeInUp\"   data-wow-duration=\"700ms\" data-wow-delay=\"300ms\"><div class=\"col-lg-4 col-sm-4 col-xs-12 post-small\">\r\n                                <h4><a href=\"https:\/\/theseuslab.com\/en\/news\/happy-new-year-and-spring-holiday\/\">Happy New Year and Spring Holiday!<\/a><\/h4>\r\n                                        <div class=\"post-thumb lbSamal\"><a href=\"https:\/\/theseuslab.com\/en\/news\/happy-new-year-and-spring-holiday\/\"><img loading=\"lazy\" decoding=\"async\" width=\"570\" height=\"315\" src=\"https:\/\/theseuslab.com\/wp-content\/uploads\/2020\/01\/570\u0445315_card_NY_TheseusLab_2020.jpg\" class=\"attachment-full size-full wp-post-image\" alt=\"Happy New Year and Spring Holiday!\" srcset=\"https:\/\/theseuslab.com\/wp-content\/uploads\/2020\/01\/570\u0445315_card_NY_TheseusLab_2020.jpg 570w, https:\/\/theseuslab.com\/wp-content\/uploads\/2020\/01\/570\u0445315_card_NY_TheseusLab_2020-300x166.jpg 300w\" sizes=\"auto, (max-width: 570px) 100vw, 570px\" \/><\/a><\/div>\r\n                                        <div class=\"post-content text-left\" style=\"position: inherit;\">\r\n                                              <p>\r\n                                                            Prosperity in business to our Chinese partners!\r\n                                                        <\/p> <\/div>\r\n                                    <\/div><div class=\"col-lg-4 col-sm-4 col-xs-12 post-small\">\r\n                                <h4><a href=\"https:\/\/theseuslab.com\/en\/news\/merry-christmas-and-happy-new-year-2\/\">Merry Christmas and Happy New Year!<\/a><\/h4>\r\n                                        <div class=\"post-thumb lbSamal\"><a href=\"https:\/\/theseuslab.com\/en\/news\/merry-christmas-and-happy-new-year-2\/\"><img loading=\"lazy\" decoding=\"async\" width=\"570\" height=\"316\" src=\"https:\/\/theseuslab.com\/wp-content\/uploads\/2019\/12\/570\u0445315_card_NY_TheseusLab_2020.jpg\" class=\"attachment-full size-full wp-post-image\" alt=\"\" srcset=\"https:\/\/theseuslab.com\/wp-content\/uploads\/2019\/12\/570\u0445315_card_NY_TheseusLab_2020.jpg 570w, https:\/\/theseuslab.com\/wp-content\/uploads\/2019\/12\/570\u0445315_card_NY_TheseusLab_2020-300x166.jpg 300w\" sizes=\"auto, (max-width: 570px) 100vw, 570px\" \/><\/a><\/div>\r\n                                        <div class=\"post-content text-left\" style=\"position: inherit;\">\r\n                                              <p>\r\n                                                            Please accept our congratulations on the winter holidays!\r\n                                                        <\/p> <\/div>\r\n                                    <\/div><div class=\"col-lg-4 col-sm-4 col-xs-12 post-small\">\r\n                                <h4><a href=\"https:\/\/theseuslab.com\/en\/news\/theseus-lab-at-the-international-exhibition-interlift-2019-the-world-of-elevators\/\">Theseus Lab at the International Exhibition INTERLIFT 2019 \u2013 The World of Elevators<\/a><\/h4>\r\n                                        <div class=\"post-thumb lbSamal\"><a href=\"https:\/\/theseuslab.com\/en\/news\/theseus-lab-at-the-international-exhibition-interlift-2019-the-world-of-elevators\/\"><img loading=\"lazy\" decoding=\"async\" width=\"570\" height=\"316\" src=\"https:\/\/theseuslab.com\/wp-content\/uploads\/2019\/09\/\u0430\u043d\u043e\u043d\u0441_570x315_\u043f\u0440\u0438\u0433\u043b\u0430\u0448\u0435\u043d\u0438\u0435_\u0438\u043d\u0442\u0435\u0440\u043b\u0438\u0444\u0442_TheseusLab.png\" class=\"attachment-full size-full wp-post-image\" alt=\"\" srcset=\"https:\/\/theseuslab.com\/wp-content\/uploads\/2019\/09\/\u0430\u043d\u043e\u043d\u0441_570x315_\u043f\u0440\u0438\u0433\u043b\u0430\u0448\u0435\u043d\u0438\u0435_\u0438\u043d\u0442\u0435\u0440\u043b\u0438\u0444\u0442_TheseusLab.png 570w, https:\/\/theseuslab.com\/wp-content\/uploads\/2019\/09\/\u0430\u043d\u043e\u043d\u0441_570x315_\u043f\u0440\u0438\u0433\u043b\u0430\u0448\u0435\u043d\u0438\u0435_\u0438\u043d\u0442\u0435\u0440\u043b\u0438\u0444\u0442_TheseusLab-300x166.png 300w\" sizes=\"auto, (max-width: 570px) 100vw, 570px\" \/><\/a><\/div>\r\n                                        <div class=\"post-content text-left\" style=\"position: inherit;\">\r\n                                              <p>\r\n                                                            We are pleased to invite you to attend our stand at the largest specialized exhibition, which will be held on October 15-18 in Augsburg, Germany.\r\n                                                        <\/p> <\/div>\r\n                                    <\/div><\/div>\r\n                            \r\n                <\/div>\r\n            <div class=\"col-lg-1\"><\/div>\r\n        <\/section><br \/>\n<!-- Contact Section -->\r\n        <section class=\"contactMapSection\">\r\n            <div class=\"contactMap\" id=\"cmap\"><\/div>\r\n            <div class=\"mapOverlay\"><\/div>\r\n            <div class=\"redTriangle\"><\/div>\r\n            <div class=\"container\">\r\n                <div class=\"row\">\r\n                    <div class=\"col-lg-7 col-sm-8\">\r\n                        <div class=\"contactDetails wow fadeInUp\" data-wow-duration=\"700ms\" data-wow-delay=\"300ms\"><h2 class=\"common-title blackash\">Contacts<span><\/span><\/h2><div class=\"contactInfo\"><p class=\"contactP\"><i class=\"icon-mobile\"><\/i>+420 296 348-840<\/p><p class=\"contactP\"><i class=\"icon-mail-6\"><\/i>mail@theseuslab.cz<\/p><p class=\"contactP\"><i class=\"icon-globe\"><\/i>V\u00e1clavsk\u00e9 n\u00e1m\u011bst\u00ed 808\/66, Nov\u00e9 M\u011bsto, 110 00 Praha 1, Czech Republic<\/p><\/div>\r\n                        <\/div>\r\n                    <\/div>\r\n                    <div class=\"col-lg-5 col-sm-4\">\r\n                        <div class=\"contactSocial wow fadeInUp\" data-wow-duration=\"700ms\" data-wow-delay=\"300ms\">\r\n                            <ul class=\"contactSocialUL\"> <\/ul>\r\n                        <\/div>\r\n                    <\/div>\r\n                <\/div>\r\n            <\/div>\r\n        <\/section><\/p>\n","protected":false},"excerpt":{"rendered":"<p>Theseus Lab\u00ae The Theseus Lab group of companies was founded in 2000 and initially has been engaged in distribution of complex and non-standard metrological, control and measuring equipment. Over the last years Theseus Lab from a small company with a few employees emerged as a group of companies represented not only in the Czech Republic &hellip; <a href=\"https:\/\/theseuslab.com\/en\/news\/theseus-lab-at-the-international-exhibition-interlift-2019-the-world-of-elevators\/\" class=\"more-link\">Continue reading <span class=\"screen-reader-text\">Theseus Lab at the International Exhibition INTERLIFT 2019 \u2013 The World of Elevators<\/span><\/a><\/p>\n","protected":false},"author":2,"featured_media":0,"parent":0,"menu_order":0,"comment_status":"closed","ping_status":"closed","template":"page-templates\/home-page.php","meta":{"footnotes":""},"class_list":["post-2952","page","type-page","status-publish","hentry","has-post-thumbnail"],"_links":{"self":[{"href":"https:\/\/theseuslab.com\/en\/wp-json\/wp\/v2\/pages\/2952","targetHints":{"allow":["GET"]}}],"collection":[{"href":"https:\/\/theseuslab.com\/en\/wp-json\/wp\/v2\/pages"}],"about":[{"href":"https:\/\/theseuslab.com\/en\/wp-json\/wp\/v2\/types\/page"}],"author":[{"embeddable":true,"href":"https:\/\/theseuslab.com\/en\/wp-json\/wp\/v2\/users\/2"}],"replies":[{"embeddable":true,"href":"https:\/\/theseuslab.com\/en\/wp-json\/wp\/v2\/comments?post=2952"}],"version-history":[{"count":19,"href":"https:\/\/theseuslab.com\/en\/wp-json\/wp\/v2\/pages\/2952\/revisions"}],"predecessor-version":[{"id":4309,"href":"https:\/\/theseuslab.com\/en\/wp-json\/wp\/v2\/pages\/2952\/revisions\/4309"}],"wp:attachment":[{"href":"https:\/\/theseuslab.com\/en\/wp-json\/wp\/v2\/media?parent=2952"}],"curies":[{"name":"wp","href":"https:\/\/api.w.org\/{rel}","templated":true}]}}