{"id":3165,"date":"2015-09-29T17:41:07","date_gmt":"2015-09-29T14:41:07","guid":{"rendered":"http:\/\/theseuslab.com\/?page_id=3165"},"modified":"2019-12-04T17:44:15","modified_gmt":"2019-12-04T14:44:15","slug":"contacts-en","status":"publish","type":"page","link":"https:\/\/theseuslab.com\/en\/contacts-en\/","title":{"rendered":"Contacts"},"content":{"rendered":"<h3>Theseus Lab s.r.o.<\/h3>\n<p><strong>Address:<\/strong> V\u00e1clavsk\u00e9 n\u00e1m\u011bst\u00ed 808\/66, Nov\u00e9 M\u011bsto, 110 00 Praha 1, Czech Republic<br \/>\n<strong>Phone:<\/strong> +420 296 348-840<br \/>\n<strong>Email:<\/strong> mail@theseuslab.cz<br \/>\n<iframe loading=\"lazy\" style=\"border: 0;margin-top:30px;\" src=\"https:\/\/www.google.com\/maps\/embed?pb=!1m18!1m12!1m3!1d2560.371717098814!2d14.427400815717954!3d50.07932697942591!2m3!1f0!2f0!3f0!3m2!1i1024!2i768!4f13.1!3m3!1m2!1s0x470b948d7f9faeb7%3A0xd46de0fe414d2c4!2zVsOhY2xhdnNrw6kgbsOhbS4gODA4LzY2LCAxMTAgMDAgTm92w6kgTcSbc3RvLCDQp9C10YXQuNGP!5e0!3m2!1sru!2sby!4v1575469910620!5m2!1sru!2sby\" width=\"100%\" height=\"400\" frameborder=\"0\"><\/iframe><\/p>\n","protected":false},"excerpt":{"rendered":"<p>Theseus Lab s.r.o. Address: V\u00e1clavsk\u00e9 n\u00e1m\u011bst\u00ed 808\/66, Nov\u00e9 M\u011bsto, 110 00 Praha 1, Czech Republic Phone: +420 296 348-840 Email: mail@theseuslab.cz<\/p>\n","protected":false},"author":2,"featured_media":0,"parent":0,"menu_order":0,"comment_status":"closed","ping_status":"closed","template":"","meta":{"footnotes":""},"class_list":["post-3165","page","type-page","status-publish","hentry"],"_links":{"self":[{"href":"https:\/\/theseuslab.com\/en\/wp-json\/wp\/v2\/pages\/3165","targetHints":{"allow":["GET"]}}],"collection":[{"href":"https:\/\/theseuslab.com\/en\/wp-json\/wp\/v2\/pages"}],"about":[{"href":"https:\/\/theseuslab.com\/en\/wp-json\/wp\/v2\/types\/page"}],"author":[{"embeddable":true,"href":"https:\/\/theseuslab.com\/en\/wp-json\/wp\/v2\/users\/2"}],"replies":[{"embeddable":true,"href":"https:\/\/theseuslab.com\/en\/wp-json\/wp\/v2\/comments?post=3165"}],"version-history":[{"count":43,"href":"https:\/\/theseuslab.com\/en\/wp-json\/wp\/v2\/pages\/3165\/revisions"}],"predecessor-version":[{"id":4268,"href":"https:\/\/theseuslab.com\/en\/wp-json\/wp\/v2\/pages\/3165\/revisions\/4268"}],"wp:attachment":[{"href":"https:\/\/theseuslab.com\/en\/wp-json\/wp\/v2\/media?parent=3165"}],"curies":[{"name":"wp","href":"https:\/\/api.w.org\/{rel}","templated":true}]}}